{"id":503,"date":"2020-04-16T16:36:42","date_gmt":"2020-04-16T16:36:42","guid":{"rendered":"http:\/\/mounya.net\/affectivearchives\/?page_id=503"},"modified":"2020-06-11T04:33:59","modified_gmt":"2020-06-11T04:33:59","slug":"library","status":"publish","type":"page","link":"https:\/\/berlin-ouest.com\/Archives\/library\/","title":{"rendered":"Library"},"content":{"rendered":"\n<h1>A. Apparition<\/h1>\n\n\n\n<p>\u00ab Telle serait la double vie de toute recherche, son double plaisir ou sa double t\u00e2che: ne pas perdre la patience de la m\u00e9thode, la longue dur\u00e9e de l&#8217;id\u00e9e fixe, l&#8217;obstination des soucis pr\u00e9dominants, la rigueur des choses pertinentes; ne pas perdre non plus l&#8217;impatience ou l&#8217;impertinence des choses fortuites, le temps bref des trouvailles, l&#8217;impr\u00e9vu des rencontres, voire des accidents de parcours [\u2026] la d\u00e9sorientation de l&#8217;accidentel fait appara\u00eetre la substance m\u00eame du parcours, son orientation la plus fondamentale. \u00bb<\/p>\n\n\n\n<p>&#8211; G. Didi-Huberman, Phasmes, Essais sur l&#8217;apparition<\/p>\n\n\n\n<h1>B.<\/h1>\n\n\n\n<h1>C. Collaboration<\/h1>\n\n\n\n<p>&#8220;By citing collaboration, calling collaboration, casting collaboration beyond singular sight invites a way of reading what takes place that pushes any event or any seemingly singular thing off of itself and into a mobile space, a transient space, a creative space (a future space as it is always more than one &#8211; it is always between).&#8221;<\/p>\n\n\n\n<p>&#8211; Rebecca Schnieder, Encounters: Performance, Photography, Collaboration<\/p>\n\n\n\n<h1>D. Dispara\u00eetre<\/h1>\n\n\n\n<p>&#8220;Quelques-uns d&#8217;entre nous se cachent au plus profond des bois et, en une silencieuse et persistante protestation, apprennent le noms des choses en train de dispara\u00eetre&#8221;<\/p>\n\n\n\n<p>&#8211; Rick Bass, Fiber<\/p>\n\n\n\n<h1>E. Enchantement<\/h1>\n\n\n\n<p>&#8220;The war against mystery and magic was for modernity the war of liberation leading to the declaration of reason&#8217;s independence [\u2026] the world had to be de-spiritualized, de-animated [\u2026] It is against such a disenchanted world that the postmodern re-enchantment is aimed.&#8221;<\/p>\n\n\n\n<p>&#8211; Zygmunt Bauman, Intimations of Postmodernity<\/p>\n\n\n\n<h1>F. Futur<\/h1>\n\n\n\n<p>\u00ab On ne sait jamais ce que le pass\u00e9 nous r\u00e9serve. \u00bb<\/p>\n\n\n\n<p>&#8211; Fran\u00e7oise Sagan<\/p>\n\n\n\n<h1>G.<\/h1>\n\n\n\n<h1>H.<\/h1>\n\n\n\n<h1>I. Imagination<\/h1>\n\n\n\n<p>\u00ab L&#8217;imagination n&#8217;est pas un \u00e9tat, c&#8217;est l&#8217;existence humaine elle-m\u00eame. \u00bb<\/p>\n\n\n\n<p>\u2013 William Blake, Second livre proph\u00e9tique<\/p>\n\n\n\n<h1>J.<\/h1>\n\n\n\n<h1>K.<\/h1>\n\n\n\n<h1>L.<\/h1>\n\n\n\n<h1>M. Mythe<\/h1>\n\n\n\n<p>\u00ab Il est bon que la conscience historiographique de l&#8217;homme occidental se d\u00e9couvre solidaire des actes et des id\u00e9aux de tr\u00e8s lointains anc\u00eatres \u2212 m\u00eame si l&#8217;homme moderne, l&#8217;h\u00e9ritier de tous ces mythes et de tous ces r\u00eaves qu&#8217;il est, n&#8217;est parvenu \u00e0 les r\u00e9aliser qu&#8217;en se d\u00e9solidarisant de leurs significations originelles. \u00bb<\/p>\n\n\n\n<p>\u2013 Mircea Eliade, Forgerons et alchimistes<\/p>\n\n\n\n<h1>N.<\/h1>\n\n\n\n<h1>O. Objective chance<\/h1>\n\n\n\n<p>&#8220;My route has not been linear and obedient to the rules of the creed [objective chance] but has sprouted new shoots from various points along the way and gone off in diverse and conflicting directions, leaving my many paths to follow and some I refused to go down.&#8221;<\/p>\n\n\n\n<p>&#8211; Tacita Dean, An Aside<\/p>\n\n\n\n<h1>P. Process<\/h1>\n\n\n\n<p>&#8220;It is the job of artists to open doors and invite in prophesies, the unknown, the unfamiliar; it&#8217;s where their work comes from, although its arrival signals the beginning of the long disciplined process of making it their own.&#8221;<\/p>\n\n\n\n<p>&#8211; Rebecca Solnit, A Field Guide to Getting Lost<\/p>\n\n\n\n<h1>Q.<\/h1>\n\n\n\n<h1>R. Rhizome<\/h1>\n\n\n\n<p>\u00ab Le rhizome est un syst\u00e8me acentr\u00e9, non hi\u00e9rarchique et non signifiant, sans G\u00e9n\u00e9ral, sans m\u00e9moire organisatrice ou automate central, uniquement d\u00e9fini par une circulation d&#8217;\u00e9tats. \u00bb<\/p>\n\n\n\n<p>\u2013 Gilles Deleuze et F\u00e9lix Guattari, Milles plateaux<\/p>\n\n\n\n<h1>S. Savoir et non-savoir<\/h1>\n\n\n\n<p>\u00ab Il faut donc que le savoir s&#8217;accompagne d&#8217;un \u00e9gal oubli du savoir. Le non-savoir n&#8217;est pas ignorance mais un acte difficile de d\u00e9passement de la connaissance. \u00bb<\/p>\n\n\n\n<p>\u2013 Gaston Bachelard, La po\u00e9tique de l&#8217;espace, 1957<\/p>\n\n\n\n<p>\u00ab Il y a un savoir-non-encore-conscient de l&#8217;Autrefois, un savoir dont l&#8217;avancement a, en fait, la structure du r\u00e9veil. \u00bb<\/p>\n\n\n\n<p>\u2013 Walter Benjamin, Le livre des passages<\/p>\n\n\n\n<h1>T. Temps<\/h1>\n\n\n\n<p>\u00ab Le temps ne fait pas que s&#8217;\u00e9couler : il travaille. Il reconstruit et il s&#8217;\u00e9croule, il s&#8217;effrite et il se m\u00e9tamorphose. Il glisse, il tombe et il rena\u00eet. Il s&#8217;enterre et il resurgit. Il se d\u00e9compose, il se recompose : ailleurs ou autrement, en tensions ou en latences, en polarit\u00e9s ou en ambivalences. \u00bb<\/p>\n\n\n\n<p>\u2013 Georges Didi-Huberman, L&#8217;image survivante<\/p>\n\n\n\n<h1>U.<\/h1>\n\n\n\n<h1>V.<\/h1>\n\n\n\n<h1>W.<\/h1>\n\n\n\n<h1>X.<\/h1>\n\n\n\n<h1>Y.<\/h1>\n\n\n\n<h1>Z.<\/h1>\n","protected":false},"excerpt":{"rendered":"<p>A. Apparition \u00ab Telle serait la double vie de toute recherche, son double plaisir ou sa double t\u00e2che: ne pas perdre la patience de la m\u00e9thode, la longue dur\u00e9e de l&#8217;id\u00e9e fixe, l&#8217;obstination des soucis pr\u00e9dominants, la rigueur des choses pertinentes; ne pas perdre non plus l&#8217;impatience ou l&#8217;impertinence des choses fortuites, le temps bref&#8230;<\/p>\n<p><a class=\"more\" href=\"https:\/\/berlin-ouest.com\/Archives\/library\/\"> Read more &rarr;<\/a><\/p>\n","protected":false},"author":2,"featured_media":0,"parent":0,"menu_order":0,"comment_status":"closed","ping_status":"closed","template":"","meta":{"_coblocks_attr":"","_coblocks_dimensions":"","_coblocks_responsive_height":"","_coblocks_accordion_ie_support":""},"acf":[],"_links":{"self":[{"href":"https:\/\/berlin-ouest.com\/Archives\/wp-json\/wp\/v2\/pages\/503"}],"collection":[{"href":"https:\/\/berlin-ouest.com\/Archives\/wp-json\/wp\/v2\/pages"}],"about":[{"href":"https:\/\/berlin-ouest.com\/Archives\/wp-json\/wp\/v2\/types\/page"}],"author":[{"embeddable":true,"href":"https:\/\/berlin-ouest.com\/Archives\/wp-json\/wp\/v2\/users\/2"}],"replies":[{"embeddable":true,"href":"https:\/\/berlin-ouest.com\/Archives\/wp-json\/wp\/v2\/comments?post=503"}],"version-history":[{"count":2,"href":"https:\/\/berlin-ouest.com\/Archives\/wp-json\/wp\/v2\/pages\/503\/revisions"}],"predecessor-version":[{"id":890,"href":"https:\/\/berlin-ouest.com\/Archives\/wp-json\/wp\/v2\/pages\/503\/revisions\/890"}],"wp:attachment":[{"href":"https:\/\/berlin-ouest.com\/Archives\/wp-json\/wp\/v2\/media?parent=503"}],"curies":[{"name":"wp","href":"https:\/\/api.w.org\/{rel}","templated":true}]}}